{"id":9,"date":"2021-03-14T00:21:23","date_gmt":"2021-03-13T21:21:23","guid":{"rendered":"http:\/\/asitibazar.com\/?page_id=9"},"modified":"2024-07-29T10:50:37","modified_gmt":"2024-07-29T07:50:37","slug":"iletisim","status":"publish","type":"page","link":"http:\/\/asitibazar.com\/index.php\/iletisim\/","title":{"rendered":"\u0130LET\u0130\u015e\u0130M"},"content":{"rendered":"<p>e-mail: asiti@asitibazar.com<\/p>\n<p>GSM : 0544 213 57 93<\/p>\n","protected":false},"excerpt":{"rendered":"<p>e-mail: asiti@asitibazar.com GSM : 0544 213 57 93<\/p>\n","protected":false},"author":1,"featured_media":0,"parent":0,"menu_order":0,"comment_status":"closed","ping_status":"closed","template":"","meta":{"footnotes":""},"_links":{"self":[{"href":"http:\/\/asitibazar.com\/index.php\/wp-json\/wp\/v2\/pages\/9"}],"collection":[{"href":"http:\/\/asitibazar.com\/index.php\/wp-json\/wp\/v2\/pages"}],"about":[{"href":"http:\/\/asitibazar.com\/index.php\/wp-json\/wp\/v2\/types\/page"}],"author":[{"embeddable":true,"href":"http:\/\/asitibazar.com\/index.php\/wp-json\/wp\/v2\/users\/1"}],"replies":[{"embeddable":true,"href":"http:\/\/asitibazar.com\/index.php\/wp-json\/wp\/v2\/comments?post=9"}],"version-history":[{"count":2,"href":"http:\/\/asitibazar.com\/index.php\/wp-json\/wp\/v2\/pages\/9\/revisions"}],"predecessor-version":[{"id":318,"href":"http:\/\/asitibazar.com\/index.php\/wp-json\/wp\/v2\/pages\/9\/revisions\/318"}],"wp:attachment":[{"href":"http:\/\/asitibazar.com\/index.php\/wp-json\/wp\/v2\/media?parent=9"}],"curies":[{"name":"wp","href":"https:\/\/api.w.org\/{rel}","templated":true}]}}